{"id":46,"date":"2017-08-11T06:45:21","date_gmt":"2017-08-11T06:45:21","guid":{"rendered":"https:\/\/ssv-volleyball.de\/volleykids\/?page_id=46"},"modified":"2022-10-03T13:53:55","modified_gmt":"2022-10-03T11:53:55","slug":"idee","status":"publish","type":"page","link":"https:\/\/ssv-volleyball.de\/volleykids\/idee\/","title":{"rendered":"\u00dcberblick"},"content":{"rendered":"\n<p>&#8222;AOK VolleyKids im Quadrat&#8220; &#8211; der Volleyball-Grundschulcup in Mannheim &#8211; verfolgt das Ziel, Volleyball an den Mannheimer Grundschulen bekannter zu machen und zu zeigen, dass Volleyball auch und gerade eine Sportart f\u00fcr die Grundschule ist.<\/p>\n\n\n\n<h5 class=\"wp-block-heading\">Was steckt dahinter?<\/h5>\n\n\n<div class=\"wp-block-image\">\n<figure class=\"alignright size-medium\"><img loading=\"lazy\" decoding=\"async\" width=\"300\" height=\"165\" src=\"https:\/\/ssv-volleyball.de\/volleykids\/wp-content\/uploads\/2019\/05\/406A2034-300x165.jpg\" alt=\"\" class=\"wp-image-432\" srcset=\"https:\/\/ssv-volleyball.de\/volleykids\/wp-content\/uploads\/2019\/05\/406A2034-300x165.jpg 300w, https:\/\/ssv-volleyball.de\/volleykids\/wp-content\/uploads\/2019\/05\/406A2034-768x422.jpg 768w, https:\/\/ssv-volleyball.de\/volleykids\/wp-content\/uploads\/2019\/05\/406A2034-1024x562.jpg 1024w\" sizes=\"auto, (max-width: 300px) 100vw, 300px\" \/><\/figure>\n<\/div>\n\n\n<p>&#8222;AOK VolleyKids im Quadrat&#8220; basiert auf einem Konzept der Deutschen Volleyball-Jugend (dvj). Das Programm verfolgt das Ziel, Sch\u00fclerInnen und LehrerInnen an deutschen Grundschulen f\u00fcr das Volleyball-Spielen zu begeistern. Den Sch\u00fclerinnen und Sch\u00fclern sollen dabei in wenigen Stunden die grundlegenden und wichtigsten Techniken des Volleyballs, sowie der Spa\u00df am Volleyballsport vermittelt werden.<\/p>\n\n\n\n<p>\u00c4hnlich wie bei &#8222;Jugend trainiert f\u00fcr Olympia&#8220; findet die Vorbereitung vorort in den teilnehmenden Grundschulen statt &#8211; auf Wunsch mit fachlicher Unterst\u00fctzung durch uns. Die besten Teams aller Grundschulen treffen sich dann im Mai zum gro\u00dfen Abschlussturnier und kr\u00f6nen dort&nbsp;die inoffiziellen Stadtmeister.<\/p>\n\n\n\n<h5 class=\"wp-block-heading\">An wen richtet es sich konkret?<\/h5>\n\n\n\n<p>Teilnehmen k\u00f6nnen alle interessierten Mannheimer Grundschulen. Spielberechtigt sind Sch\u00fclerinnen und Sch\u00fcler der 3. und 4. Klassen.<\/p>\n\n\n\n<h5 class=\"wp-block-heading\">Wer steht dahinter?<\/h5>\n\n\n\n<p>&#8222;AOK VolleyKids im Quadrat&#8220; wird ausgerichtet vom SSV Mannheim-Vogelstang in Kooperation mit dem Nordbadischen Volleyball Verband (NVV) und der AOK Rhein-Neckar. Als Schirmherr f\u00fcr das Abschlussturnier und Ausrichtungsort agiert das Geschwister-Scholl-Gymnasium Vogelstang.<\/p>\n\n\n\n<h5 class=\"wp-block-heading\"><strong>VolleyKids &#8211; Wegweiser: Was muss ich tun?<\/strong><\/h5>\n\n\n\n<ul class=\"wp-block-list\"><li>Schule f\u00fcr die Teilnahme anmelden<\/li><li>Lehrerfortbildung beim SSV Vogelstang besuchen oder<\/li><li>Im 1. Jahr die Voraussetzungen durch eine Kooperation mit dem SSV Vogelstang schaffen<\/li><li>Durchf\u00fchrung von Volleyball-\u00dcbungsstunden im Unterricht der 3. und 4. Klassen oder in einer AG<\/li><li>Durchf\u00fchrung von Klassenturnieren oder ein internes Schulturnier<\/li><li>Meldung der Schulteams<\/li><li>Teilnahme am Finalturnier<\/li><\/ul>\n","protected":false},"excerpt":{"rendered":"<p>&#8222;AOK VolleyKids im Quadrat&#8220; &#8211; der Volleyball-Grundschulcup in Mannheim &#8211; verfolgt das Ziel, Volleyball an den Mannheimer Grundschulen bekannter zu machen und zu zeigen, dass Volleyball auch und gerade eine Sportart f\u00fcr die Grundschule ist. Was steckt dahinter? &#8222;AOK VolleyKids im Quadrat&#8220; basiert auf einem Konzept der Deutschen Volleyball-Jugend (dvj). Das Programm verfolgt das Ziel, Sch\u00fclerInnen und LehrerInnen an deutschen Grundschulen f\u00fcr das Volleyball-Spielen zu begeistern. Den Sch\u00fclerinnen und Sch\u00fclern sollen dabei in wenigen Stunden die grundlegenden und wichtigsten Techniken <span class=\"readmore\"><a href=\"https:\/\/ssv-volleyball.de\/volleykids\/idee\/\">Weiterlesen\u00a0\u2026<\/a><\/span><\/p>\n","protected":false},"author":1,"featured_media":0,"parent":0,"menu_order":0,"comment_status":"closed","ping_status":"closed","template":"","meta":{"footnotes":""},"class_list":["post-46","page","type-page","status-publish","hentry"],"yoast_head":"<!-- This site is optimized with the Yoast SEO plugin v27.3 - https:\/\/yoast.com\/product\/yoast-seo-wordpress\/ -->\n<title>\u00dcberblick - AOK VolleyKids im Quadrat<\/title>\n<meta name=\"robots\" content=\"index, follow, max-snippet:-1, max-image-preview:large, max-video-preview:-1\" \/>\n<link rel=\"canonical\" href=\"https:\/\/ssv-volleyball.de\/volleykids\/\" \/>\n<meta property=\"og:locale\" content=\"de_DE\" \/>\n<meta property=\"og:type\" content=\"article\" \/>\n<meta property=\"og:title\" content=\"\u00dcberblick - AOK VolleyKids im Quadrat\" \/>\n<meta property=\"og:description\" content=\"&#8222;AOK VolleyKids im Quadrat&#8220; &#8211; der Volleyball-Grundschulcup in Mannheim &#8211; verfolgt das Ziel, Volleyball an den Mannheimer Grundschulen bekannter zu machen und zu zeigen, dass Volleyball auch und gerade eine Sportart f\u00fcr die Grundschule ist. Was steckt dahinter? &#8222;AOK VolleyKids im Quadrat&#8220; basiert auf einem Konzept der Deutschen Volleyball-Jugend (dvj). Das Programm verfolgt das Ziel, Sch\u00fclerInnen und LehrerInnen an deutschen Grundschulen f\u00fcr das Volleyball-Spielen zu begeistern. Den Sch\u00fclerinnen und Sch\u00fclern sollen dabei in wenigen Stunden die grundlegenden und wichtigsten Techniken Weiterlesen\u00a0\u2026\" \/>\n<meta property=\"og:url\" content=\"https:\/\/ssv-volleyball.de\/volleykids\/\" \/>\n<meta property=\"og:site_name\" content=\"AOK VolleyKids im Quadrat\" \/>\n<meta property=\"article:modified_time\" content=\"2022-10-03T11:53:55+00:00\" \/>\n<meta property=\"og:image\" content=\"https:\/\/ssv-volleyball.de\/volleykids\/wp-content\/uploads\/2019\/05\/406A2034-300x165.jpg\" \/>\n<meta name=\"twitter:card\" content=\"summary_large_image\" \/>\n<meta name=\"twitter:label1\" content=\"Gesch\u00e4tzte Lesezeit\" \/>\n\t<meta name=\"twitter:data1\" content=\"2\u00a0Minuten\" \/>\n<script type=\"application\/ld+json\" class=\"yoast-schema-graph\">{\"@context\":\"https:\\\/\\\/schema.org\",\"@graph\":[{\"@type\":\"WebPage\",\"@id\":\"https:\\\/\\\/ssv-volleyball.de\\\/volleykids\\\/\",\"url\":\"https:\\\/\\\/ssv-volleyball.de\\\/volleykids\\\/\",\"name\":\"\u00dcberblick - AOK VolleyKids im Quadrat\",\"isPartOf\":{\"@id\":\"https:\\\/\\\/ssv-volleyball.de\\\/volleykids\\\/#website\"},\"primaryImageOfPage\":{\"@id\":\"https:\\\/\\\/ssv-volleyball.de\\\/volleykids\\\/#primaryimage\"},\"image\":{\"@id\":\"https:\\\/\\\/ssv-volleyball.de\\\/volleykids\\\/#primaryimage\"},\"thumbnailUrl\":\"https:\\\/\\\/ssv-volleyball.de\\\/volleykids\\\/wp-content\\\/uploads\\\/2019\\\/05\\\/406A2034-300x165.jpg\",\"datePublished\":\"2017-08-11T06:45:21+00:00\",\"dateModified\":\"2022-10-03T11:53:55+00:00\",\"breadcrumb\":{\"@id\":\"https:\\\/\\\/ssv-volleyball.de\\\/volleykids\\\/#breadcrumb\"},\"inLanguage\":\"de\",\"potentialAction\":[{\"@type\":\"ReadAction\",\"target\":[\"https:\\\/\\\/ssv-volleyball.de\\\/volleykids\\\/\"]}]},{\"@type\":\"ImageObject\",\"inLanguage\":\"de\",\"@id\":\"https:\\\/\\\/ssv-volleyball.de\\\/volleykids\\\/#primaryimage\",\"url\":\"https:\\\/\\\/ssv-volleyball.de\\\/volleykids\\\/wp-content\\\/uploads\\\/2019\\\/05\\\/406A2034.jpg\",\"contentUrl\":\"https:\\\/\\\/ssv-volleyball.de\\\/volleykids\\\/wp-content\\\/uploads\\\/2019\\\/05\\\/406A2034.jpg\",\"width\":5409,\"height\":2970},{\"@type\":\"BreadcrumbList\",\"@id\":\"https:\\\/\\\/ssv-volleyball.de\\\/volleykids\\\/#breadcrumb\",\"itemListElement\":[{\"@type\":\"ListItem\",\"position\":1,\"name\":\"Startseite\",\"item\":\"https:\\\/\\\/ssv-volleyball.de\\\/volleykids\\\/\"},{\"@type\":\"ListItem\",\"position\":2,\"name\":\"\u00dcberblick\"}]},{\"@type\":\"WebSite\",\"@id\":\"https:\\\/\\\/ssv-volleyball.de\\\/volleykids\\\/#website\",\"url\":\"https:\\\/\\\/ssv-volleyball.de\\\/volleykids\\\/\",\"name\":\"VolleyKids im Quadrat\",\"description\":\"Volleyball-Grundschulcup in Mannheim\",\"publisher\":{\"@id\":\"https:\\\/\\\/ssv-volleyball.de\\\/volleykids\\\/#organization\"},\"potentialAction\":[{\"@type\":\"SearchAction\",\"target\":{\"@type\":\"EntryPoint\",\"urlTemplate\":\"https:\\\/\\\/ssv-volleyball.de\\\/volleykids\\\/?s={search_term_string}\"},\"query-input\":{\"@type\":\"PropertyValueSpecification\",\"valueRequired\":true,\"valueName\":\"search_term_string\"}}],\"inLanguage\":\"de\"},{\"@type\":\"Organization\",\"@id\":\"https:\\\/\\\/ssv-volleyball.de\\\/volleykids\\\/#organization\",\"name\":\"SSV Vogelstang\",\"url\":\"https:\\\/\\\/ssv-volleyball.de\\\/volleykids\\\/\",\"logo\":{\"@type\":\"ImageObject\",\"inLanguage\":\"de\",\"@id\":\"https:\\\/\\\/ssv-volleyball.de\\\/volleykids\\\/#\\\/schema\\\/logo\\\/image\\\/\",\"url\":\"https:\\\/\\\/ssv-volleyball.de\\\/volleykids\\\/wp-content\\\/uploads\\\/2022\\\/02\\\/vk2-aok-logo-2-kl.png\",\"contentUrl\":\"https:\\\/\\\/ssv-volleyball.de\\\/volleykids\\\/wp-content\\\/uploads\\\/2022\\\/02\\\/vk2-aok-logo-2-kl.png\",\"width\":365,\"height\":55,\"caption\":\"SSV Vogelstang\"},\"image\":{\"@id\":\"https:\\\/\\\/ssv-volleyball.de\\\/volleykids\\\/#\\\/schema\\\/logo\\\/image\\\/\"}}]}<\/script>\n<!-- \/ Yoast SEO plugin. -->","yoast_head_json":{"title":"\u00dcberblick - AOK VolleyKids im Quadrat","robots":{"index":"index","follow":"follow","max-snippet":"max-snippet:-1","max-image-preview":"max-image-preview:large","max-video-preview":"max-video-preview:-1"},"canonical":"https:\/\/ssv-volleyball.de\/volleykids\/","og_locale":"de_DE","og_type":"article","og_title":"\u00dcberblick - AOK VolleyKids im Quadrat","og_description":"&#8222;AOK VolleyKids im Quadrat&#8220; &#8211; der Volleyball-Grundschulcup in Mannheim &#8211; verfolgt das Ziel, Volleyball an den Mannheimer Grundschulen bekannter zu machen und zu zeigen, dass Volleyball auch und gerade eine Sportart f\u00fcr die Grundschule ist. Was steckt dahinter? &#8222;AOK VolleyKids im Quadrat&#8220; basiert auf einem Konzept der Deutschen Volleyball-Jugend (dvj). Das Programm verfolgt das Ziel, Sch\u00fclerInnen und LehrerInnen an deutschen Grundschulen f\u00fcr das Volleyball-Spielen zu begeistern. Den Sch\u00fclerinnen und Sch\u00fclern sollen dabei in wenigen Stunden die grundlegenden und wichtigsten Techniken Weiterlesen\u00a0\u2026","og_url":"https:\/\/ssv-volleyball.de\/volleykids\/","og_site_name":"AOK VolleyKids im Quadrat","article_modified_time":"2022-10-03T11:53:55+00:00","og_image":[{"url":"https:\/\/ssv-volleyball.de\/volleykids\/wp-content\/uploads\/2019\/05\/406A2034-300x165.jpg","type":"","width":"","height":""}],"twitter_card":"summary_large_image","twitter_misc":{"Gesch\u00e4tzte Lesezeit":"2\u00a0Minuten"},"schema":{"@context":"https:\/\/schema.org","@graph":[{"@type":"WebPage","@id":"https:\/\/ssv-volleyball.de\/volleykids\/","url":"https:\/\/ssv-volleyball.de\/volleykids\/","name":"\u00dcberblick - AOK VolleyKids im Quadrat","isPartOf":{"@id":"https:\/\/ssv-volleyball.de\/volleykids\/#website"},"primaryImageOfPage":{"@id":"https:\/\/ssv-volleyball.de\/volleykids\/#primaryimage"},"image":{"@id":"https:\/\/ssv-volleyball.de\/volleykids\/#primaryimage"},"thumbnailUrl":"https:\/\/ssv-volleyball.de\/volleykids\/wp-content\/uploads\/2019\/05\/406A2034-300x165.jpg","datePublished":"2017-08-11T06:45:21+00:00","dateModified":"2022-10-03T11:53:55+00:00","breadcrumb":{"@id":"https:\/\/ssv-volleyball.de\/volleykids\/#breadcrumb"},"inLanguage":"de","potentialAction":[{"@type":"ReadAction","target":["https:\/\/ssv-volleyball.de\/volleykids\/"]}]},{"@type":"ImageObject","inLanguage":"de","@id":"https:\/\/ssv-volleyball.de\/volleykids\/#primaryimage","url":"https:\/\/ssv-volleyball.de\/volleykids\/wp-content\/uploads\/2019\/05\/406A2034.jpg","contentUrl":"https:\/\/ssv-volleyball.de\/volleykids\/wp-content\/uploads\/2019\/05\/406A2034.jpg","width":5409,"height":2970},{"@type":"BreadcrumbList","@id":"https:\/\/ssv-volleyball.de\/volleykids\/#breadcrumb","itemListElement":[{"@type":"ListItem","position":1,"name":"Startseite","item":"https:\/\/ssv-volleyball.de\/volleykids\/"},{"@type":"ListItem","position":2,"name":"\u00dcberblick"}]},{"@type":"WebSite","@id":"https:\/\/ssv-volleyball.de\/volleykids\/#website","url":"https:\/\/ssv-volleyball.de\/volleykids\/","name":"VolleyKids im Quadrat","description":"Volleyball-Grundschulcup in Mannheim","publisher":{"@id":"https:\/\/ssv-volleyball.de\/volleykids\/#organization"},"potentialAction":[{"@type":"SearchAction","target":{"@type":"EntryPoint","urlTemplate":"https:\/\/ssv-volleyball.de\/volleykids\/?s={search_term_string}"},"query-input":{"@type":"PropertyValueSpecification","valueRequired":true,"valueName":"search_term_string"}}],"inLanguage":"de"},{"@type":"Organization","@id":"https:\/\/ssv-volleyball.de\/volleykids\/#organization","name":"SSV Vogelstang","url":"https:\/\/ssv-volleyball.de\/volleykids\/","logo":{"@type":"ImageObject","inLanguage":"de","@id":"https:\/\/ssv-volleyball.de\/volleykids\/#\/schema\/logo\/image\/","url":"https:\/\/ssv-volleyball.de\/volleykids\/wp-content\/uploads\/2022\/02\/vk2-aok-logo-2-kl.png","contentUrl":"https:\/\/ssv-volleyball.de\/volleykids\/wp-content\/uploads\/2022\/02\/vk2-aok-logo-2-kl.png","width":365,"height":55,"caption":"SSV Vogelstang"},"image":{"@id":"https:\/\/ssv-volleyball.de\/volleykids\/#\/schema\/logo\/image\/"}}]}},"_links":{"self":[{"href":"https:\/\/ssv-volleyball.de\/volleykids\/wp-json\/wp\/v2\/pages\/46","targetHints":{"allow":["GET"]}}],"collection":[{"href":"https:\/\/ssv-volleyball.de\/volleykids\/wp-json\/wp\/v2\/pages"}],"about":[{"href":"https:\/\/ssv-volleyball.de\/volleykids\/wp-json\/wp\/v2\/types\/page"}],"author":[{"embeddable":true,"href":"https:\/\/ssv-volleyball.de\/volleykids\/wp-json\/wp\/v2\/users\/1"}],"replies":[{"embeddable":true,"href":"https:\/\/ssv-volleyball.de\/volleykids\/wp-json\/wp\/v2\/comments?post=46"}],"version-history":[{"count":14,"href":"https:\/\/ssv-volleyball.de\/volleykids\/wp-json\/wp\/v2\/pages\/46\/revisions"}],"predecessor-version":[{"id":605,"href":"https:\/\/ssv-volleyball.de\/volleykids\/wp-json\/wp\/v2\/pages\/46\/revisions\/605"}],"wp:attachment":[{"href":"https:\/\/ssv-volleyball.de\/volleykids\/wp-json\/wp\/v2\/media?parent=46"}],"curies":[{"name":"wp","href":"https:\/\/api.w.org\/{rel}","templated":true}]}}