{"id":116,"date":"2017-09-12T05:55:12","date_gmt":"2017-09-12T05:55:12","guid":{"rendered":"https:\/\/ssv-volleyball.de\/volleykids\/?page_id=116"},"modified":"2026-04-12T21:50:03","modified_gmt":"2026-04-12T19:50:03","slug":"downloads","status":"publish","type":"page","link":"https:\/\/ssv-volleyball.de\/volleykids\/downloads\/","title":{"rendered":"Downloads"},"content":{"rendered":"\n<p>An dieser Stelle finden sich alle wichtigen Dokumente zu &#8222;AOK VolleyKids im Quadrat&#8220; sowie in K\u00fcrze auch weiterf\u00fchrende Materialien f\u00fcr Lehrer und Trainer, die sich mit dem sportlichen Konzept befassen m\u00f6chten.<\/p>\n\n\n\n<p><\/p>\n\n\n\n<figure class=\"wp-block-table\"><table><thead><tr><th>Beschreibung<\/th><th>Typ<\/th><\/tr><\/thead><tbody><tr><td><a href=\"https:\/\/ssv-volleyball.de\/volleykids\/wp-content\/uploads\/2025\/10\/konzept_v3.6.pdf\">Kurzvorstellung Konzept 2025\/26 (13.10.2025)<\/a><\/td><td>PDF<\/td><\/tr><tr><td><a href=\"https:\/\/ssv-volleyball.de\/volleykids\/wp-content\/uploads\/2025\/10\/anschreiben-schulen-2526.pdf\">Anschreiben an die Mannheimer Grundschulen 2025\/26 (13.10.2025)<\/a><\/td><td>PDF<\/td><\/tr><tr><td><a href=\"https:\/\/ssv-volleyball.de\/volleykids\/wp-content\/uploads\/2025\/10\/formular-schulmeldung-2526.pdf\">Formular zur Schulmeldung 2025\/26 (13.10.2025)<\/a><\/td><td>PDF<\/td><\/tr><tr><td><a href=\"https:\/\/ssv-volleyball.de\/volleykids\/wp-content\/uploads\/2026\/04\/spielregeln_1.8.pdf\">NEU: Spielregeln, V1.8 (12.4.2026)<\/a><\/td><td>PDF<\/td><\/tr><tr><td><a href=\"https:\/\/ssv-volleyball.de\/volleykids\/wp-content\/uploads\/2026\/04\/einladung-abschlussturnier-2526.pdf\">NEU: Einladung Finalturnier 2026 (12.4.2026)<\/a><\/td><td>PDF<\/td><\/tr><tr><td><a href=\"https:\/\/ssv-volleyball.de\/volleykids\/wp-content\/uploads\/2026\/04\/formular-mannschaftsmeldung-2526.pdf\" type=\"link\" id=\"https:\/\/ssv-volleyball.de\/volleykids\/wp-content\/uploads\/2026\/04\/formular-mannschaftsmeldung-2526.pdf\">NEU: Formular zur Mannschaftsmeldung Finalturnier (12.4.2026)<\/a><\/td><td>PDF<\/td><\/tr><\/tbody><\/table><\/figure>\n\n\n\n<p><\/p>\n","protected":false},"excerpt":{"rendered":"<p>An dieser Stelle finden sich alle wichtigen Dokumente zu &#8222;AOK VolleyKids im Quadrat&#8220; sowie in K\u00fcrze auch weiterf\u00fchrende Materialien f\u00fcr Lehrer und Trainer, die sich mit dem sportlichen Konzept befassen m\u00f6chten. Beschreibung Typ Kurzvorstellung Konzept 2025\/26 (13.10.2025) PDF Anschreiben an die Mannheimer Grundschulen 2025\/26 (13.10.2025) PDF Formular zur Schulmeldung 2025\/26 (13.10.2025) PDF NEU: Spielregeln, V1.8 (12.4.2026) PDF NEU: Einladung Finalturnier 2026 (12.4.2026) PDF NEU: Formular zur Mannschaftsmeldung Finalturnier (12.4.2026) PDF<\/p>\n","protected":false},"author":1,"featured_media":0,"parent":0,"menu_order":3,"comment_status":"closed","ping_status":"closed","template":"","meta":{"footnotes":""},"class_list":["post-116","page","type-page","status-publish","hentry"],"yoast_head":"<!-- This site is optimized with the Yoast SEO plugin v27.3 - https:\/\/yoast.com\/product\/yoast-seo-wordpress\/ -->\n<title>Downloads - AOK VolleyKids im Quadrat<\/title>\n<meta name=\"robots\" content=\"index, follow, max-snippet:-1, max-image-preview:large, max-video-preview:-1\" \/>\n<link rel=\"canonical\" href=\"https:\/\/ssv-volleyball.de\/volleykids\/downloads\/\" \/>\n<meta property=\"og:locale\" content=\"de_DE\" \/>\n<meta property=\"og:type\" content=\"article\" \/>\n<meta property=\"og:title\" content=\"Downloads - AOK VolleyKids im Quadrat\" \/>\n<meta property=\"og:description\" content=\"An dieser Stelle finden sich alle wichtigen Dokumente zu &#8222;AOK VolleyKids im Quadrat&#8220; sowie in K\u00fcrze auch weiterf\u00fchrende Materialien f\u00fcr Lehrer und Trainer, die sich mit dem sportlichen Konzept befassen m\u00f6chten. Beschreibung Typ Kurzvorstellung Konzept 2025\/26 (13.10.2025) PDF Anschreiben an die Mannheimer Grundschulen 2025\/26 (13.10.2025) PDF Formular zur Schulmeldung 2025\/26 (13.10.2025) PDF NEU: Spielregeln, V1.8 (12.4.2026) PDF NEU: Einladung Finalturnier 2026 (12.4.2026) PDF NEU: Formular zur Mannschaftsmeldung Finalturnier (12.4.2026) PDF\" \/>\n<meta property=\"og:url\" content=\"https:\/\/ssv-volleyball.de\/volleykids\/downloads\/\" \/>\n<meta property=\"og:site_name\" content=\"AOK VolleyKids im Quadrat\" \/>\n<meta property=\"article:modified_time\" content=\"2026-04-12T19:50:03+00:00\" \/>\n<meta name=\"twitter:card\" content=\"summary_large_image\" \/>\n<meta name=\"twitter:label1\" content=\"Gesch\u00e4tzte Lesezeit\" \/>\n\t<meta name=\"twitter:data1\" content=\"1\u00a0Minute\" \/>\n<script type=\"application\/ld+json\" class=\"yoast-schema-graph\">{\"@context\":\"https:\\\/\\\/schema.org\",\"@graph\":[{\"@type\":\"WebPage\",\"@id\":\"https:\\\/\\\/ssv-volleyball.de\\\/volleykids\\\/downloads\\\/\",\"url\":\"https:\\\/\\\/ssv-volleyball.de\\\/volleykids\\\/downloads\\\/\",\"name\":\"Downloads - AOK VolleyKids im Quadrat\",\"isPartOf\":{\"@id\":\"https:\\\/\\\/ssv-volleyball.de\\\/volleykids\\\/#website\"},\"datePublished\":\"2017-09-12T05:55:12+00:00\",\"dateModified\":\"2026-04-12T19:50:03+00:00\",\"breadcrumb\":{\"@id\":\"https:\\\/\\\/ssv-volleyball.de\\\/volleykids\\\/downloads\\\/#breadcrumb\"},\"inLanguage\":\"de\",\"potentialAction\":[{\"@type\":\"ReadAction\",\"target\":[\"https:\\\/\\\/ssv-volleyball.de\\\/volleykids\\\/downloads\\\/\"]}]},{\"@type\":\"BreadcrumbList\",\"@id\":\"https:\\\/\\\/ssv-volleyball.de\\\/volleykids\\\/downloads\\\/#breadcrumb\",\"itemListElement\":[{\"@type\":\"ListItem\",\"position\":1,\"name\":\"Startseite\",\"item\":\"https:\\\/\\\/ssv-volleyball.de\\\/volleykids\\\/\"},{\"@type\":\"ListItem\",\"position\":2,\"name\":\"Downloads\"}]},{\"@type\":\"WebSite\",\"@id\":\"https:\\\/\\\/ssv-volleyball.de\\\/volleykids\\\/#website\",\"url\":\"https:\\\/\\\/ssv-volleyball.de\\\/volleykids\\\/\",\"name\":\"VolleyKids im Quadrat\",\"description\":\"Volleyball-Grundschulcup in Mannheim\",\"publisher\":{\"@id\":\"https:\\\/\\\/ssv-volleyball.de\\\/volleykids\\\/#organization\"},\"potentialAction\":[{\"@type\":\"SearchAction\",\"target\":{\"@type\":\"EntryPoint\",\"urlTemplate\":\"https:\\\/\\\/ssv-volleyball.de\\\/volleykids\\\/?s={search_term_string}\"},\"query-input\":{\"@type\":\"PropertyValueSpecification\",\"valueRequired\":true,\"valueName\":\"search_term_string\"}}],\"inLanguage\":\"de\"},{\"@type\":\"Organization\",\"@id\":\"https:\\\/\\\/ssv-volleyball.de\\\/volleykids\\\/#organization\",\"name\":\"SSV Vogelstang\",\"url\":\"https:\\\/\\\/ssv-volleyball.de\\\/volleykids\\\/\",\"logo\":{\"@type\":\"ImageObject\",\"inLanguage\":\"de\",\"@id\":\"https:\\\/\\\/ssv-volleyball.de\\\/volleykids\\\/#\\\/schema\\\/logo\\\/image\\\/\",\"url\":\"https:\\\/\\\/ssv-volleyball.de\\\/volleykids\\\/wp-content\\\/uploads\\\/2022\\\/02\\\/vk2-aok-logo-2-kl.png\",\"contentUrl\":\"https:\\\/\\\/ssv-volleyball.de\\\/volleykids\\\/wp-content\\\/uploads\\\/2022\\\/02\\\/vk2-aok-logo-2-kl.png\",\"width\":365,\"height\":55,\"caption\":\"SSV Vogelstang\"},\"image\":{\"@id\":\"https:\\\/\\\/ssv-volleyball.de\\\/volleykids\\\/#\\\/schema\\\/logo\\\/image\\\/\"}}]}<\/script>\n<!-- \/ Yoast SEO plugin. -->","yoast_head_json":{"title":"Downloads - AOK VolleyKids im Quadrat","robots":{"index":"index","follow":"follow","max-snippet":"max-snippet:-1","max-image-preview":"max-image-preview:large","max-video-preview":"max-video-preview:-1"},"canonical":"https:\/\/ssv-volleyball.de\/volleykids\/downloads\/","og_locale":"de_DE","og_type":"article","og_title":"Downloads - AOK VolleyKids im Quadrat","og_description":"An dieser Stelle finden sich alle wichtigen Dokumente zu &#8222;AOK VolleyKids im Quadrat&#8220; sowie in K\u00fcrze auch weiterf\u00fchrende Materialien f\u00fcr Lehrer und Trainer, die sich mit dem sportlichen Konzept befassen m\u00f6chten. Beschreibung Typ Kurzvorstellung Konzept 2025\/26 (13.10.2025) PDF Anschreiben an die Mannheimer Grundschulen 2025\/26 (13.10.2025) PDF Formular zur Schulmeldung 2025\/26 (13.10.2025) PDF NEU: Spielregeln, V1.8 (12.4.2026) PDF NEU: Einladung Finalturnier 2026 (12.4.2026) PDF NEU: Formular zur Mannschaftsmeldung Finalturnier (12.4.2026) PDF","og_url":"https:\/\/ssv-volleyball.de\/volleykids\/downloads\/","og_site_name":"AOK VolleyKids im Quadrat","article_modified_time":"2026-04-12T19:50:03+00:00","twitter_card":"summary_large_image","twitter_misc":{"Gesch\u00e4tzte Lesezeit":"1\u00a0Minute"},"schema":{"@context":"https:\/\/schema.org","@graph":[{"@type":"WebPage","@id":"https:\/\/ssv-volleyball.de\/volleykids\/downloads\/","url":"https:\/\/ssv-volleyball.de\/volleykids\/downloads\/","name":"Downloads - AOK VolleyKids im Quadrat","isPartOf":{"@id":"https:\/\/ssv-volleyball.de\/volleykids\/#website"},"datePublished":"2017-09-12T05:55:12+00:00","dateModified":"2026-04-12T19:50:03+00:00","breadcrumb":{"@id":"https:\/\/ssv-volleyball.de\/volleykids\/downloads\/#breadcrumb"},"inLanguage":"de","potentialAction":[{"@type":"ReadAction","target":["https:\/\/ssv-volleyball.de\/volleykids\/downloads\/"]}]},{"@type":"BreadcrumbList","@id":"https:\/\/ssv-volleyball.de\/volleykids\/downloads\/#breadcrumb","itemListElement":[{"@type":"ListItem","position":1,"name":"Startseite","item":"https:\/\/ssv-volleyball.de\/volleykids\/"},{"@type":"ListItem","position":2,"name":"Downloads"}]},{"@type":"WebSite","@id":"https:\/\/ssv-volleyball.de\/volleykids\/#website","url":"https:\/\/ssv-volleyball.de\/volleykids\/","name":"VolleyKids im Quadrat","description":"Volleyball-Grundschulcup in Mannheim","publisher":{"@id":"https:\/\/ssv-volleyball.de\/volleykids\/#organization"},"potentialAction":[{"@type":"SearchAction","target":{"@type":"EntryPoint","urlTemplate":"https:\/\/ssv-volleyball.de\/volleykids\/?s={search_term_string}"},"query-input":{"@type":"PropertyValueSpecification","valueRequired":true,"valueName":"search_term_string"}}],"inLanguage":"de"},{"@type":"Organization","@id":"https:\/\/ssv-volleyball.de\/volleykids\/#organization","name":"SSV Vogelstang","url":"https:\/\/ssv-volleyball.de\/volleykids\/","logo":{"@type":"ImageObject","inLanguage":"de","@id":"https:\/\/ssv-volleyball.de\/volleykids\/#\/schema\/logo\/image\/","url":"https:\/\/ssv-volleyball.de\/volleykids\/wp-content\/uploads\/2022\/02\/vk2-aok-logo-2-kl.png","contentUrl":"https:\/\/ssv-volleyball.de\/volleykids\/wp-content\/uploads\/2022\/02\/vk2-aok-logo-2-kl.png","width":365,"height":55,"caption":"SSV Vogelstang"},"image":{"@id":"https:\/\/ssv-volleyball.de\/volleykids\/#\/schema\/logo\/image\/"}}]}},"_links":{"self":[{"href":"https:\/\/ssv-volleyball.de\/volleykids\/wp-json\/wp\/v2\/pages\/116","targetHints":{"allow":["GET"]}}],"collection":[{"href":"https:\/\/ssv-volleyball.de\/volleykids\/wp-json\/wp\/v2\/pages"}],"about":[{"href":"https:\/\/ssv-volleyball.de\/volleykids\/wp-json\/wp\/v2\/types\/page"}],"author":[{"embeddable":true,"href":"https:\/\/ssv-volleyball.de\/volleykids\/wp-json\/wp\/v2\/users\/1"}],"replies":[{"embeddable":true,"href":"https:\/\/ssv-volleyball.de\/volleykids\/wp-json\/wp\/v2\/comments?post=116"}],"version-history":[{"count":30,"href":"https:\/\/ssv-volleyball.de\/volleykids\/wp-json\/wp\/v2\/pages\/116\/revisions"}],"predecessor-version":[{"id":880,"href":"https:\/\/ssv-volleyball.de\/volleykids\/wp-json\/wp\/v2\/pages\/116\/revisions\/880"}],"wp:attachment":[{"href":"https:\/\/ssv-volleyball.de\/volleykids\/wp-json\/wp\/v2\/media?parent=116"}],"curies":[{"name":"wp","href":"https:\/\/api.w.org\/{rel}","templated":true}]}}